{"id":309,"date":"2024-12-09T17:38:02","date_gmt":"2024-12-09T17:38:02","guid":{"rendered":"https:\/\/kiskertpiac.hu\/?page_id=309"},"modified":"2025-10-21T16:35:23","modified_gmt":"2025-10-21T16:35:23","slug":"arusitoi-jelentkezes","status":"publish","type":"page","link":"https:\/\/kiskertpiac.hu\/index.php\/arusitoi-jelentkezes\/","title":{"rendered":"\u00c1rus\u00edt\u00f3i jelentkez\u00e9s"},"content":{"rendered":"<p>[et_pb_section fb_built=&#8221;1&#8243; _builder_version=&#8221;4.27.4&#8243; _module_preset=&#8221;default&#8221; background_color=&#8221;#FFFFFF&#8221; global_colors_info=&#8221;{}&#8221;][et_pb_row _builder_version=&#8221;4.27.4&#8243; _module_preset=&#8221;default&#8221; width=&#8221;90%&#8221; max_width=&#8221;100%&#8221; custom_margin=&#8221;|auto|7px|auto|false|false&#8221; global_colors_info=&#8221;{}&#8221;][et_pb_column type=&#8221;4_4&#8243; _builder_version=&#8221;4.27.4&#8243; _module_preset=&#8221;default&#8221; global_colors_info=&#8221;{}&#8221;][et_pb_text _builder_version=&#8221;4.27.4&#8243; _module_preset=&#8221;default&#8221; text_text_color=&#8221;#8c004f&#8221; text_font_size=&#8221;20px&#8221; text_line_height=&#8221;2em&#8221; global_colors_info=&#8221;{}&#8221;]<\/p>\n<p>KI\u00c1LL\u00cdT\u00d3I JELENTKEZ\u00c9S<\/p>\n<p>A KISKERTPIAC n\u00f6v\u00e9ny \u00e9s term\u00e9szetes diz\u00e1jn piac, melynek c\u00e9lk\u00f6z\u00f6ns\u00e9ge a n\u00f6v\u00e9nyeket, a term\u00e9szetet, term\u00e9szetess\u00e9get kedvel\u0151 v\u00e1roslak\u00f3k. Olyan kisv\u00e1llalkoz\u00e1sokat vagy m\u00e1rk\u00e1kat fogadunk, akik kreat\u00edv \u00e9s eredeti k\u00edn\u00e1lattal t\u0171nnek ki versenyt\u00e1rsaik k\u00f6z\u00fcl \u00e9s fontos sz\u00e1mukra a fenntarthat\u00f3, etikus szeml\u00e9let a t\u00e1rsadalom r\u00e9sztvev\u0151i \u00e9s a k\u00f6rnyezet fel\u00e9. Az esem\u00e9nyeink tematikusak, k\u00f6sz\u00f6nj\u00fck, ha annak megfelel\u0151 term\u00e9kk\u00edn\u00e1lattal val\u00f3 megjelen\u00e9st (nem kiz\u00e1r\u00f3lagosan)<br \/>Arra t\u00f6reksz\u00fcnk, hogy:<br \/>&#8211; kiv\u00e1l\u00f3 min\u0151s\u00e9g\u0171, egyedi term\u00e9kek, alkot\u00e1sok legyenek, motiv\u00e1lt ki\u00e1ll\u00edt\u00f3i attit\u0171d\u00f6kkel.<br \/>&#8211; j\u00f3l \u00e1tgondolt m\u00e1rkaidentit\u00e1ssal rendelkez\u0151 ki\u00e1ll\u00edt\u00f3k vegyenek r\u00e9szt, mely minden elemben megjelenik, mint pl. a ki\u00e1ll\u00edt\u00f3i megjelen\u00e9sben, csomagol\u00e1sban, online jelenl\u00e9tben.<br \/>&#8211; egyedi, j\u00f3l megk\u00fcl\u00f6nb\u00f6zteti jegyei vannak a v\u00e1llalkoz\u00e1snak, mely etikus \u00e9s fenntarthat\u00f3 jegyeket hordoz.<\/p>\n<p>AMIT FONTOS TUDNI!<\/p>\n<p>Minden ki\u00e1ll\u00edt\u00f3nk r\u00e9sz\u00e9re biztos\u00edtunk ki\u00e1ll\u00edt\u00f3i fel\u00fcletet, asztalt<span>, sz\u00e9ket.<\/span><br \/>Az \u00e1rus teljes felel\u0151ss\u00e9get v\u00e1llal az \u00e1ltala \u00e9rt\u00e9kes\u00edtett term\u00e9kek eredete, min\u0151s\u00e9ge, szavatoss\u00e1ga \u00a0 stb. illet\u0151en.<\/p>\n<p>A ki\u00e1ll\u00edt\u00f3knak sz\u00e1mlaad\u00e1si k\u00f6telezetts\u00e9g\u00fck van, \u00edgy rendelkezni\u00fck kell az ehhez sz\u00fcks\u00e9ges enged\u00e9lyekkel \u00e9s dokumentumokkal a hat\u00e1lyos jogszab\u00e1lyoknak megfelel\u0151en.<br \/>A ter\u00fclet elfoglal\u00e1sa, \u00e1ruk kihelyez\u00e9se, kipakol\u00e1sa el\u0151re elk\u00fcld\u00f6tt menetrend szerint t\u00f6rt\u00e9nik, minden v\u00e1s\u00e1roz\u00f3nak el kell pakolni a ter\u00fcletr\u0151l, valamint a ter\u00fcletet tiszt\u00e1n kell \u00e1tadnia.<br \/>Minden \u00e1rus\u00edt\u00f3, keresked\u0151, workshop-ot tart\u00f3, ki\u00e1ll\u00edt\u00f3 r\u00e9sztvev\u0151 rendelkezik a megjelen\u00e9shez \u00e9s tev\u00e9kenys\u00e9g\u00e9nek folytat\u00e1s\u00e1hoz sz\u00fcks\u00e9ges \u00f6sszes hat\u00f3s\u00e1gi enged\u00e9llyel \u00e9s sz\u00e1mlaad\u00e1shoz sz\u00fcks\u00e9ges felt\u00e9tekkel, melyeket a helysz\u00ednen be is tud mutatni. Tudom\u00e1sul veszi \u00e9s betartja, hogy a piacon val\u00f3 \u00e1rus\u00edt\u00e1s a 35\/1995. (IV. 5.) Korm. rendelet a v\u00e1s\u00e1rokr\u00f3l \u00e9s a piacokr\u00f3l sz\u00f3l\u00f3 fejezet\u00e9nek felt\u00e9telei szerint folytathat\u00f3k. Annak megs\u00e9rt\u00e9s\u00e9nek k\u00f6vetkezm\u00e9nyeit kiz\u00e1r\u00f3lag maga viseli.<br \/>A piacon kiz\u00e1r\u00f3lag az el\u0151zetesen egyeztetett \u00e1ruk ker\u00fclhetnek \u00e9rt\u00e9kes\u00edt\u00e9sre, a szervez\u0151i fenntartj\u00e1k a jogot, hogy a piac arculat\u00e1ba nem ill\u0151 term\u00e9kek \u00e1rus\u00edt\u00e1s\u00e1t felf\u00fcggessze.<br \/>Minden \u00e1rus\u00edt\u00f3, keresked\u0151, workshop-ot tart\u00f3, ki\u00e1ll\u00edt\u00f3 teljes jog\u00fa anyagi felel\u0151ss\u00e9get v\u00e1llal az \u00e1ltala a rendezv\u00e9ny helysz\u00edn\u00e9n esetlegesen okozott k\u00e1rok teljes k\u00f6r\u0171 megt\u00e9r\u00edt\u00e9s\u00e9re. V\u00e1llalja, hogy a szervez\u0151k \u00e1ltal kijel\u00f6lt ki\u00e1ll\u00edt\u00f3i hely\u00e9t a rendezv\u00e9ny napj\u00e1n a berendezked\u00e9si t\u00e1j\u00e9koztat\u00f3 szerint ki\u00e1ll\u00edt\u00e1si install\u00e1ci\u00f3j\u00e1val, \u00e1ruival felt\u00f6lti. A rendezv\u00e9ny ideje alatt a kijel\u00f6lt ki\u00e1ll\u00edt\u00f3i hely tisztas\u00e1g\u00e1r\u00f3l, rendezetts\u00e9g\u00e9r\u0151l a piac arculat\u00e1nak megfelel\u0151 megjelen\u00e9sr\u0151l gondoskodik.<br \/>A keresked\u0151k, v\u00e1s\u00e1roz\u00f3k k\u00f6telesek betartani a piac szab\u00e1lyait, balesetvesz\u00e9lyes eszk\u00f6z\u00f6k haszn\u00e1lat\u00e1ra \u00fcgyelnek, magatart\u00e1sukkal nem s\u00e9rthetik egym\u00e1s \u00e9s a v\u00e1s\u00e1rl\u00f3k \u00e9rdekeit.<br \/>A k\u00f6zleked\u00e9si \u00fatvonalakat szabadon kell hagyni, a megjel\u00f6lt ter\u00fcleti hat\u00e1rokon bel\u00fcl lehet kipakolni. A t\u0171zrend\u00e9szeti szab\u00e1lyokat be kell tartani.<br \/>A rendezv\u00e9ny ter\u00fclet\u00e9re aut\u00f3val nem lehet be\u00e1llni, a berendezked\u00e9st a rendezv\u00e9ny el\u0151tti t\u00e1j\u00e9koztat\u00f3ban kik\u00fcld\u00f6ttek szerint k\u00e9rj\u00fck bonyol\u00edtani.<br \/>A piacon a helyfoglal\u00e1s, az \u00e1ruk lerak\u00e1sa a szervez\u0151k \u00e1ltal meghat\u00e1rozott rend szerint t\u00f6rt\u00e9nik. A piacra behozott \u00e1ruk, \u00e9rt\u00e9kek \u0151rz\u00e9se azok tulajdonos\u00e1nak feladata. Azok elveszt\u00e9s\u00e9\u00e9rt, megrong\u00e1l\u00f3d\u00e1s\u00e1\u00e9rt az \u00fczemeltet\u0151 felel\u0151ss\u00e9ggel nem tartozik.<br \/>A rendezv\u00e9nyen molin\u00f3k \u00e9s m\u00e1s pop up rekl\u00e1meszk\u00f6z\u00f6k kihelyez\u00e9s\u00e9t nem t\u00e1mogatjuk, egy\u00e9b rekl\u00e1meszk\u00f6z\u00f6k kapcs\u00e1n k\u00e9rj\u00fck a szervez\u0151kkel t\u00f6rt\u00e9n\u0151 egyeztet\u00e9st.<br \/>A rendezv\u00e9ny ter\u00fclet\u00e9n\u00a0<span>a ki\u00e1ll\u00edt\u00f3 hely h\u00e1zirendje \u00e9rv\u00e9nyes, annak betart\u00e1sa k\u00f6telez\u0151!<\/span><br \/>Az \u00fczemeltet\u0151 a fenti rendtart\u00e1s megszeg\u0151j\u00e9t a piacr\u00f3l kitilthatja, illetve vele szemben a Ptk. szab\u00e1lyai szerint k\u00e1rt\u00e9r\u00edt\u00e9si ig\u00e9nnyel \u00e9lhet.<br \/>Az \u00e1rus\u00edt\u00f3 a megl\u00e9v\u0151 honlapj\u00e1n \/ facebook oldal\u00e1n elhelyezi a rendezv\u00e9ny linkj\u00e9t (amennyiben rendelkezik ilyennel).<br \/>Esem\u00e9ny\u00fcnk az id\u0151j\u00e1r\u00e1st\u00f3l f\u00fcggetlen\u00fcl megrendezz\u00fck, kiv\u00e9tel vis major.<br \/>A r\u00e9sztvev\u0151k hozz\u00e1j\u00e1rulnak, hogy a rendezv\u00e9nyen k\u00e9p \u00e9s hangfelv\u00e9tel k\u00e9sz\u00fcl.<\/p>\n<p>Ki\u00e1ll\u00edt\u00f3k, \u00e1rus\u00edt\u00f3k jelentkez\u00e9s\u00e9t \u00f6r\u00f6mmel fogadjuk n\u00e9h\u00e1ny soros bemutatkoz\u00f3, fot\u00f3k \u00e9s el\u00e9rhet\u0151s\u00e9gek megjel\u00f6l\u00e9s\u00e9vel a <a href=\"mailto:kiskertpiac@gmail.com,\">kiskertpiac@gmail.com<\/a> e-mail c\u00edmen, illetve 06 30 343 1853 telefonsz\u00e1mon.<\/p>\n<p>&nbsp;<\/p>\n<p>[\/et_pb_text][\/et_pb_column][\/et_pb_row][\/et_pb_section]<\/p>\n","protected":false},"excerpt":{"rendered":"<p>KI\u00c1LL\u00cdT\u00d3I JELENTKEZ\u00c9S A KISKERTPIAC n\u00f6v\u00e9ny \u00e9s term\u00e9szetes diz\u00e1jn piac, melynek c\u00e9lk\u00f6z\u00f6ns\u00e9ge a n\u00f6v\u00e9nyeket, a term\u00e9szetet, term\u00e9szetess\u00e9get kedvel\u0151 v\u00e1roslak\u00f3k. Olyan kisv\u00e1llalkoz\u00e1sokat vagy m\u00e1rk\u00e1kat fogadunk, akik kreat\u00edv \u00e9s eredeti k\u00edn\u00e1lattal t\u0171nnek ki versenyt\u00e1rsaik k\u00f6z\u00fcl \u00e9s fontos sz\u00e1mukra a fenntarthat\u00f3, etikus szeml\u00e9let a t\u00e1rsadalom r\u00e9sztvev\u0151i \u00e9s a k\u00f6rnyezet fel\u00e9. Az esem\u00e9nyeink tematikusak, k\u00f6sz\u00f6nj\u00fck, ha annak megfelel\u0151 term\u00e9kk\u00edn\u00e1lattal val\u00f3 [&hellip;]<\/p>\n","protected":false},"author":1,"featured_media":0,"parent":0,"menu_order":0,"comment_status":"closed","ping_status":"closed","template":"","meta":{"_et_pb_use_builder":"on","_et_pb_old_content":"<!-- wp:divi\/placeholder \/-->","_et_gb_content_width":"","footnotes":""},"class_list":["post-309","page","type-page","status-publish","hentry"],"_links":{"self":[{"href":"https:\/\/kiskertpiac.hu\/index.php\/wp-json\/wp\/v2\/pages\/309","targetHints":{"allow":["GET"]}}],"collection":[{"href":"https:\/\/kiskertpiac.hu\/index.php\/wp-json\/wp\/v2\/pages"}],"about":[{"href":"https:\/\/kiskertpiac.hu\/index.php\/wp-json\/wp\/v2\/types\/page"}],"author":[{"embeddable":true,"href":"https:\/\/kiskertpiac.hu\/index.php\/wp-json\/wp\/v2\/users\/1"}],"replies":[{"embeddable":true,"href":"https:\/\/kiskertpiac.hu\/index.php\/wp-json\/wp\/v2\/comments?post=309"}],"version-history":[{"count":7,"href":"https:\/\/kiskertpiac.hu\/index.php\/wp-json\/wp\/v2\/pages\/309\/revisions"}],"predecessor-version":[{"id":435,"href":"https:\/\/kiskertpiac.hu\/index.php\/wp-json\/wp\/v2\/pages\/309\/revisions\/435"}],"wp:attachment":[{"href":"https:\/\/kiskertpiac.hu\/index.php\/wp-json\/wp\/v2\/media?parent=309"}],"curies":[{"name":"wp","href":"https:\/\/api.w.org\/{rel}","templated":true}]}}